{"id":27,"date":"2017-12-22T10:02:45","date_gmt":"2017-12-22T09:02:45","guid":{"rendered":"http:\/\/aprs.at\/?page_id=27"},"modified":"2018-03-05T20:25:33","modified_gmt":"2018-03-05T19:25:33","slug":"startseite","status":"publish","type":"page","link":"https:\/\/aprs.at\/index.php\/startseite\/","title":{"rendered":"Startseite"},"content":{"rendered":"<p>Wir m\u00f6chten auf dieser Webseite alles rund um&#8217;s Thema APRS in \u00d6sterreich (und Umgebung) zusammenstellen und \u00fcber unsere Aktivit\u00e4ten berichten und diskutieren!<\/p>\n<p>Hier findet ihr ein paar erste Links zu dem Thema:<\/p>\n<h2><strong>Map<\/strong><\/h2>\n<p><img loading=\"lazy\" decoding=\"async\" class=\"size-medium wp-image-14 alignright\" src=\"https:\/\/aprs.at\/wp-content\/uploads\/2017\/12\/aprsfi-screenshot-300x222.png\" alt=\"\" width=\"300\" height=\"222\" srcset=\"https:\/\/aprs.at\/wp-content\/uploads\/2017\/12\/aprsfi-screenshot-300x222.png 300w, https:\/\/aprs.at\/wp-content\/uploads\/2017\/12\/aprsfi-screenshot.png 661w\" sizes=\"auto, (max-width: 300px) 100vw, 300px\" \/>Auf <a href=\"https:\/\/aprs.fi\" target=\"_blank\" rel=\"noopener\">https:\/\/aprs.fi<\/a> findet ihr eine weltweite Karte mit Daten in Echtzeit zu APRS-Netzen und -Sensoren\/-Usern.<\/p>\n<p>Hier findet ihr die Daten sowohl \u00fcber Stationen, als auch \u00fcber &#8222;klassisches&#8220; APRS auf 2m, sowie unsere Experimente mit APRS \u00fcber LoRa.<\/p>\n<h2><strong>APRS<\/strong><\/h2>\n<p>Mehr Informationen zu APRS im Allgemeinen findet ihr zB. hier:<\/p>\n<ul>\n<li><a href=\"http:\/\/wiki.oevsv.at\/index.php?title=Einf%C3%BChrung_APRS\" target=\"_blank\" rel=\"noopener\">Einf\u00fchrung APRS beim \u00d6VSV<\/a><\/li>\n<li><a href=\"https:\/\/de.wikipedia.org\/wiki\/Automatic_Packet_Reporting_System\" target=\"_blank\" rel=\"noopener\">Wikipedia Artikel<\/a><\/li>\n<\/ul>\n<h2><strong>APRS mit LoRa in Wien<\/strong><\/h2>\n<p>LoRa ist eine relativ (!) neue \u00dcbertragungstechnik, die mehrere clevere Funktechnologien vereint und dar\u00fcber vor allem zwei Eigenschaften erm\u00f6glicht:<\/p>\n<ul>\n<li>Low Power und<\/li>\n<li>Long Range<\/li>\n<\/ul>\n<p>Es erm\u00f6glicht also die \u00dcbertragung eines Datensignals \u00fcber hohe Reichweite mit geringer Energieaufnahme und ist dadurch zB. auch f\u00fcr batteriebetriebene Anwendungen hervorragend geeignet.<\/p>\n<p>Wir haben die AFSK1200 Modulation vom klassischen APRS durch LoRa ersetzt und sind von den ersten Ergebnissen schon sehr \u00fcberzeugt!<\/p>\n<p>Mehr Infos zum Thema:<\/p>\n<ul>\n<li><a href=\"http:\/\/wiki.oevsv.at\/index.php?title=Kategorie:LoRa\" target=\"_blank\" rel=\"noopener\">LoRa beim \u00d6VSV<\/a><\/li>\n<li><a href=\"https:\/\/de.wikipedia.org\/wiki\/Long_Range_Wide_Area_Network\" target=\"_blank\" rel=\"noopener\">LoRa bei Wikipedia<\/a><\/li>\n<li>APRS \u00fcber LoRa in Wien:<br \/>\n<a href=\"https:\/\/stefan.schultheis.at\/2017\/aprs-dragino-lora-gps-shield-70-cm-433-mhz\/\" target=\"_blank\" rel=\"noopener\">https:\/\/stefan.schultheis.at\/2017\/aprs-dragino-lora-gps-shield-70-cm-433-mhz\/<\/a><\/li>\n<\/ul>\n<p>Folgende Stationen haben wir bisher errichtet und befinden sich im Testbetrieb:<\/p>\n<table border=\"0\" width=\"656\" cellspacing=\"0\">\n<colgroup span=\"4\" width=\"75\"><\/colgroup>\n<tbody>\n<tr>\n<td align=\"left\" bgcolor=\"#DDDDDD\" height=\"15\"><b>Call<\/b><\/td>\n<td align=\"left\" bgcolor=\"#DDDDDD\"><b>Dienst<\/b><\/td>\n<td align=\"left\" bgcolor=\"#DDDDDD\"><b>Locator<\/b><\/td>\n<td align=\"left\" bgcolor=\"#DDDDDD\"><b>Name<\/b><\/td>\n<\/tr>\n<tr>\n<td align=\"left\" height=\"15\">OE3XKR<\/td>\n<td align=\"left\">LoRa APRS 70cm<\/td>\n<td align=\"left\">JN88EN77OR<\/td>\n<td align=\"left\">Buschberg<\/td>\n<\/tr>\n<tr>\n<td align=\"left\" height=\"15\">OE3XTR<\/td>\n<td align=\"left\">LoRa APRS 70cm<\/td>\n<td align=\"left\">JN87AT47AF<\/td>\n<td align=\"left\">Hohe Wand<\/td>\n<\/tr>\n<tr>\n<td align=\"left\" height=\"15\">OE3XLU-12<\/td>\n<td align=\"left\">LoRa APRS 70cm<\/td>\n<td align=\"left\">JN88CC82PQ<\/td>\n<td align=\"left\">Giessh\u00fcbl<\/td>\n<\/tr>\n<\/tbody>\n<\/table>\n<p>Anfragen per Email zum Thema bitte an lora-at-aprs.at.<\/p>\n<h2><strong>LoRaWAN<\/strong><\/h2>\n<p>Achtung: LoRa wird oft im Zusammenhang mit LoRaWAN erw\u00e4hnt! LoRaWAN ist ein weltweiter Standard &#8211; unter Nutzung der LoRa Technologie &#8211; f\u00fcr IoT-Netze und ist ein Funkdienst au\u00dferhalb des Amateurfunks. In Wien und Nieder\u00f6sterreich gibt es Communities, die ein freies und offenes LoRaWAN-Netz errichten. Falls daran Interesse besteht, findet ihr unter diesen Links mehr Informationen:<\/p>\n<ul>\n<li><a href=\"https:\/\/www.thethingsnetwork.org\" target=\"_blank\" rel=\"noopener\">The Things Network<\/a> (weltweiter Zusammenschluss freier LoRaWAN-Netze)<\/li>\n<li><a href=\"https:\/\/www.thethingsnetwork.org\/community\/vienna\/\" target=\"_blank\" rel=\"noopener\">TTN Vienna<\/a><\/li>\n<li><a href=\"https:\/\/www.thethingsnetwork.org\/community\/niederoesterreich\/\" target=\"_blank\" rel=\"noopener\">TTN Nieder\u00f6sterreich<\/a><\/li>\n<li><a href=\"https:\/\/stefan.schultheis.at\/category\/amateurfunk\/lora\/\">Blog von Stefan OE1SCS zum Thema LoRa<\/a><\/li>\n<\/ul>\n<p>&nbsp;<\/p>\n<p>Supported by :<\/p>\n<p>OE1SCS , OE3NSU , OE3KLU , OE3RVU , OE1TDC , OE1KEB , OE1ACM<\/p>\n<p>Rechtliches: <a href=\"https:\/\/aprs.at\/index.php\/startseite\/impressum\/\" target=\"_blank\" rel=\"noopener\">Impressum<\/a><\/p>\n","protected":false},"excerpt":{"rendered":"<p>Wir m\u00f6chten auf dieser Webseite alles rund um&#8217;s Thema APRS in \u00d6sterreich (und Umgebung) zusammenstellen und \u00fcber unsere Aktivit\u00e4ten berichten und diskutieren! Hier findet ihr ein paar erste Links zu dem Thema: Map Auf https:\/\/aprs.fi findet ihr eine weltweite Karte mit Daten in Echtzeit zu APRS-Netzen und -Sensoren\/-Usern. Hier findet ihr die Daten sowohl \u00fcber &hellip; <\/p>\n<p class=\"link-more\"><a href=\"https:\/\/aprs.at\/index.php\/startseite\/\" class=\"more-link\"><span class=\"screen-reader-text\">\u201eStartseite\u201c <\/span>weiterlesen<\/a><\/p>\n","protected":false},"author":2,"featured_media":0,"parent":0,"menu_order":0,"comment_status":"closed","ping_status":"closed","template":"","meta":{"footnotes":""},"class_list":["post-27","page","type-page","status-publish","hentry"],"_links":{"self":[{"href":"https:\/\/aprs.at\/index.php\/wp-json\/wp\/v2\/pages\/27","targetHints":{"allow":["GET"]}}],"collection":[{"href":"https:\/\/aprs.at\/index.php\/wp-json\/wp\/v2\/pages"}],"about":[{"href":"https:\/\/aprs.at\/index.php\/wp-json\/wp\/v2\/types\/page"}],"author":[{"embeddable":true,"href":"https:\/\/aprs.at\/index.php\/wp-json\/wp\/v2\/users\/2"}],"replies":[{"embeddable":true,"href":"https:\/\/aprs.at\/index.php\/wp-json\/wp\/v2\/comments?post=27"}],"version-history":[{"count":2,"href":"https:\/\/aprs.at\/index.php\/wp-json\/wp\/v2\/pages\/27\/revisions"}],"predecessor-version":[{"id":88,"href":"https:\/\/aprs.at\/index.php\/wp-json\/wp\/v2\/pages\/27\/revisions\/88"}],"wp:attachment":[{"href":"https:\/\/aprs.at\/index.php\/wp-json\/wp\/v2\/media?parent=27"}],"curies":[{"name":"wp","href":"https:\/\/api.w.org\/{rel}","templated":true}]}}